{"id":18100,"date":"2024-03-11T09:32:35","date_gmt":"2024-03-11T12:32:35","guid":{"rendered":"https:\/\/hild.seg.br\/?page_id=18100"},"modified":"2024-03-12T10:53:39","modified_gmt":"2024-03-12T13:53:39","slug":"cotador","status":"publish","type":"page","link":"https:\/\/hild.seg.br\/index.php\/cotador\/","title":{"rendered":"Cotador"},"content":{"rendered":"\t\t<div data-elementor-type=\"wp-page\" data-elementor-id=\"18100\" class=\"elementor elementor-18100\">\n\t\t\t\t\t\t<section class=\"elementor-section elementor-top-section elementor-element elementor-element-c63b646 elementor-section-stretched elementor-section-boxed elementor-section-height-default elementor-section-height-default\" data-id=\"c63b646\" data-element_type=\"section\" data-e-type=\"section\" data-settings=\"{&quot;stretch_section&quot;:&quot;section-stretched&quot;,&quot;background_background&quot;:&quot;classic&quot;}\">\n\t\t\t\t\t\t<div class=\"elementor-container elementor-column-gap-default\">\n\t\t\t\t\t<div class=\"elementor-column elementor-col-100 elementor-top-column elementor-element elementor-element-b56ac2a\" data-id=\"b56ac2a\" data-element_type=\"column\" data-e-type=\"column\">\n\t\t\t<div class=\"elementor-widget-wrap elementor-element-populated\">\n\t\t\t\t\t\t<div class=\"elementor-element elementor-element-e1cdfd5 elementor-widget elementor-widget-spacer\" data-id=\"e1cdfd5\" data-element_type=\"widget\" data-e-type=\"widget\" data-widget_type=\"spacer.default\">\n\t\t\t\t<div class=\"elementor-widget-container\">\n\t\t\t\t\t\t\t<div class=\"elementor-spacer\">\n\t\t\t<div class=\"elementor-spacer-inner\"><\/div>\n\t\t<\/div>\n\t\t\t\t\t\t<\/div>\n\t\t\t\t<\/div>\n\t\t\n\t\t<div class=\"elementor-element elementor-element-43f6b00 align-center elementor-widget elementor-widget-mae-headings\" data-id=\"43f6b00\" data-element_type=\"widget\" data-e-type=\"widget\" data-settings=\"{&quot;_animation&quot;:&quot;none&quot;}\" data-widget_type=\"mae-headings.default\">\n\t\t\t\t<div class=\"elementor-widget-container\">\n\t\t\t\t\t\n\t\t<div class=\"master-heading\">\n\t        \t            <div class=\"pre-heading\">SUPER COTADOR AUTO<\/div>\n\t        \n\t        \t        <h2 class=\"main-heading\" data-splitting>R\u00e1pido, f\u00e1cil e conectado com as principais Seguradoras. A melhor oferta com as melhores coberturas.<\/h2>\n\t        \n\t        \n\t        \t    <\/div>\n\t    \t\t\t\t<\/div>\n\t\t\t\t<\/div>\n\t\t\t\t<div class=\"elementor-element elementor-element-12da397 elementor-widget elementor-widget-spacer\" data-id=\"12da397\" data-element_type=\"widget\" data-e-type=\"widget\" data-widget_type=\"spacer.default\">\n\t\t\t\t<div class=\"elementor-widget-container\">\n\t\t\t\t\t\t\t<div class=\"elementor-spacer\">\n\t\t\t<div class=\"elementor-spacer-inner\"><\/div>\n\t\t<\/div>\n\t\t\t\t\t\t<\/div>\n\t\t\t\t<\/div>\n\t\t\t\t\t<\/div>\n\t\t<\/div>\n\t\t\t\t\t<\/div>\n\t\t<\/section>\n\t\t\t\t<section class=\"elementor-section elementor-top-section elementor-element elementor-element-f1d5551 elementor-section-boxed elementor-section-height-default elementor-section-height-default\" data-id=\"f1d5551\" data-element_type=\"section\" data-e-type=\"section\">\n\t\t\t\t\t\t<div class=\"elementor-container elementor-column-gap-default\">\n\t\t\t\t\t<div class=\"elementor-column elementor-col-100 elementor-top-column elementor-element elementor-element-8a144cd\" data-id=\"8a144cd\" data-element_type=\"column\" data-e-type=\"column\">\n\t\t\t<div class=\"elementor-widget-wrap elementor-element-populated\">\n\t\t\t\t\t\t<div class=\"elementor-element elementor-element-324a6bf elementor-widget elementor-widget-html\" data-id=\"324a6bf\" data-element_type=\"widget\" data-e-type=\"widget\" data-widget_type=\"html.default\">\n\t\t\t\t<div class=\"elementor-widget-container\">\n\t\t\t\t\t\n<iframe\n  width=\"400\"\n  height=\"1500\"\n  frameborder=\"0\"\n  scrolling=\"yes\"\n  marginheight=\"0\"\n  marginwidth=\"0\"\n  src=\"https:\/\/seguro.nimble.com.br\/?company=21475&unit=1\">\n<\/iframe\n><br \/>\n\t\t\t\t<\/div>\n\t\t\t\t<\/div>\n\t\t\t\t\t<\/div>\n\t\t<\/div>\n\t\t\t\t\t<\/div>\n\t\t<\/section>\n\t\t\t\t<section class=\"elementor-section elementor-top-section elementor-element elementor-element-40add88 elementor-section-stretched elementor-section-boxed elementor-section-height-default elementor-section-height-default\" data-id=\"40add88\" data-element_type=\"section\" data-e-type=\"section\" data-settings=\"{&quot;stretch_section&quot;:&quot;section-stretched&quot;,&quot;background_background&quot;:&quot;classic&quot;}\">\n\t\t\t\t\t\t<div class=\"elementor-container elementor-column-gap-default\">\n\t\t\t\t\t<div class=\"elementor-column elementor-col-100 elementor-top-column elementor-element elementor-element-3b1f975\" data-id=\"3b1f975\" data-element_type=\"column\" data-e-type=\"column\">\n\t\t\t<div class=\"elementor-widget-wrap elementor-element-populated\">\n\t\t\t\t\t\t<div class=\"elementor-element elementor-element-94e58f9 elementor-widget elementor-widget-spacer\" data-id=\"94e58f9\" data-element_type=\"widget\" data-e-type=\"widget\" data-widget_type=\"spacer.default\">\n\t\t\t\t<div class=\"elementor-widget-container\">\n\t\t\t\t\t\t\t<div class=\"elementor-spacer\">\n\t\t\t<div class=\"elementor-spacer-inner\"><\/div>\n\t\t<\/div>\n\t\t\t\t\t\t<\/div>\n\t\t\t\t<\/div>\n\t\t\t\t<div class=\"elementor-element elementor-element-6e4c032 align-center elementor-widget elementor-widget-mae-headings\" data-id=\"6e4c032\" data-element_type=\"widget\" data-e-type=\"widget\" data-widget_type=\"mae-headings.default\">\n\t\t\t\t<div class=\"elementor-widget-container\">\n\t\t\t\t\t\n\t\t<div class=\"master-heading\">\n\t        \n\t        \t        <h2 class=\"main-heading\" data-splitting>Est\u00e1 sem tempo ou prefere ser atendido?\nFale com a corretora ou visite-nos.<\/h2>\n\t        \n\t        \n\t        \t    <\/div>\n\t    \t\t\t\t<\/div>\n\t\t\t\t<\/div>\n\t\t\t\t<div class=\"elementor-element elementor-element-ebcf3fb elementor-widget elementor-widget-spacer\" data-id=\"ebcf3fb\" data-element_type=\"widget\" data-e-type=\"widget\" data-widget_type=\"spacer.default\">\n\t\t\t\t<div class=\"elementor-widget-container\">\n\t\t\t\t\t\t\t<div class=\"elementor-spacer\">\n\t\t\t<div class=\"elementor-spacer-inner\"><\/div>\n\t\t<\/div>\n\t\t\t\t\t\t<\/div>\n\t\t\t\t<\/div>\n\t\t\t\t<section class=\"elementor-section elementor-inner-section elementor-element elementor-element-f51b10f elementor-section-boxed elementor-section-height-default elementor-section-height-default\" data-id=\"f51b10f\" data-element_type=\"section\" data-e-type=\"section\">\n\t\t\t\t\t\t<div class=\"elementor-container elementor-column-gap-extended\">\n\t\t\t\t\t<div class=\"elementor-column elementor-col-33 elementor-inner-column elementor-element elementor-element-e4226bb\" data-id=\"e4226bb\" data-element_type=\"column\" data-e-type=\"column\">\n\t\t\t<div class=\"elementor-widget-wrap elementor-element-populated\">\n\t\t\t\t\t\t<div class=\"elementor-element elementor-element-45ea641 align-center animated-fast icon-position-top hover-effect-default elementor-widget elementor-widget-mae-icon-box\" data-id=\"45ea641\" data-element_type=\"widget\" data-e-type=\"widget\" data-settings=\"{&quot;_animation&quot;:&quot;none&quot;,&quot;_animation_delay&quot;:200}\" data-widget_type=\"mae-icon-box.default\">\n\t\t\t\t<div class=\"elementor-widget-container\">\n\t\t\t\t\t        <div class=\"bg-hover\"><\/div>\n        <div class=\"master-icon-box\" >       \n            \n            <div class=\"icon-wrap\"><div class=\"master-icon icon-font\"><div class=\"master-icon-svg\"><svg version=\"1.1\" xmlns=\"http:\/\/www.w3.org\/2000\/svg\" xmlns:xlink=\"http:\/\/www.w3.org\/1999\/xlink\" x=\"0px\" y=\"0px\" \t viewBox=\"0 0 65.4 52\" style=\"enable-background:new 0 0 65.4 52;\" xml:space=\"preserve\"> <style type=\"text\/css\"> \t.st10{fill:none;stroke-width:2;stroke-miterlimit:10;} <\/style> <path class=\"st10\" d=\"M32.7,9c2.2,0,4,1.8,4,4c0,2.2-1.8,4-4,4s-4-1.8-4-4C28.7,10.8,30.5,9,32.7,9z M45.7,15c0-7.7-5.8-14-13-14 \ts-13,6.3-13,14c0,10,13,26,13,26S45.7,25,45.7,15z M21.7,31h-9l-11,20h31h31l-11-20h-9\"\/> <\/svg><\/div><\/div><h3 class=\"headline-2\">Escrit\u00f3rio<\/h3><\/div>            \n            <div class=\"text-wrap\">\n                <h3 class=\"headline-2\">Escrit\u00f3rio<\/h3><div class=\"desc\">Rua Ibiraci, 871 <br>\nFranca-SP <br> <br><\/div>            <div class=\"url-wrap\">\n                <a class=\"master-link  icon-right\" href=\"https:\/\/www.bing.com\/maps?osid=84012441-cf89-450f-8f58-3ccbe74a52c9&#038;cp=-20.543135~-47.419696&#038;lvl=16&#038;pi=0&#038;imgid=ddd3082b-e4f9-4cbc-9160-d482d3f9bebf&#038;v=2&#038;sV=2&#038;form=S00027\">\n                                        <span>Acesse o mapa.<\/span>\n                    <span class=\"icon fa fa-arrow-right\"><\/span>                <\/a>\n            <\/div>\n\n                        <\/div>\n        <\/div>\n\n        \t\t\t\t<\/div>\n\t\t\t\t<\/div>\n\t\t\t\t\t<\/div>\n\t\t<\/div>\n\t\t\t\t<div class=\"elementor-column elementor-col-33 elementor-inner-column elementor-element elementor-element-8779902\" data-id=\"8779902\" data-element_type=\"column\" data-e-type=\"column\">\n\t\t\t<div class=\"elementor-widget-wrap elementor-element-populated\">\n\t\t\t\t\t\t<div class=\"elementor-element elementor-element-eb25bfc align-center animated-fast icon-position-top hover-effect-default elementor-widget elementor-widget-mae-icon-box\" data-id=\"eb25bfc\" data-element_type=\"widget\" data-e-type=\"widget\" data-settings=\"{&quot;_animation&quot;:&quot;none&quot;,&quot;_animation_delay&quot;:200}\" data-widget_type=\"mae-icon-box.default\">\n\t\t\t\t<div class=\"elementor-widget-container\">\n\t\t\t\t\t        <div class=\"bg-hover\"><\/div>\n        <div class=\"master-icon-box\" >       \n            \n            <div class=\"icon-wrap\"><div class=\"master-icon icon-font\"><div class=\"master-icon-svg\"><svg version=\"1.1\" xmlns=\"http:\/\/www.w3.org\/2000\/svg\" xmlns:xlink=\"http:\/\/www.w3.org\/1999\/xlink\" x=\"0px\" y=\"0px\" \t viewBox=\"0 0 64 59.6\" style=\"enable-background:new 0 0 64 59.6;\" xml:space=\"preserve\"> <style type=\"text\/css\"> \t.st10{fill:none;stroke-width:2;stroke-miterlimit:10;} <\/style> <path class=\"st10\" d=\"M14,57.4V47H1V9h54v38H26L14,57.4z M57,39h6V1H9v6\"\/> <\/svg><\/div><\/div><h3 class=\"headline-2\">Fale consoco<\/h3><\/div>            \n            <div class=\"text-wrap\">\n                <h3 class=\"headline-2\">Fale consoco<\/h3><div class=\"desc\">(16) 37224117 <br> <br> <br><\/div>            <div class=\"url-wrap\">\n                <a class=\"master-link  icon-right\" href=\"https:\/\/wa.me\/55163224117\">\n                                        <span>WhatsApp<\/span>\n                    <span class=\"icon fa fa-arrow-right\"><\/span>                <\/a>\n            <\/div>\n\n                        <\/div>\n        <\/div>\n\n        \t\t\t\t<\/div>\n\t\t\t\t<\/div>\n\t\t\t\t\t<\/div>\n\t\t<\/div>\n\t\t\t\t<div class=\"elementor-column elementor-col-33 elementor-inner-column elementor-element elementor-element-dbf8470\" data-id=\"dbf8470\" data-element_type=\"column\" data-e-type=\"column\">\n\t\t\t<div class=\"elementor-widget-wrap elementor-element-populated\">\n\t\t\t\t\t\t<div class=\"elementor-element elementor-element-d04121f align-center animated-fast icon-position-top hover-effect-default elementor-widget elementor-widget-mae-icon-box\" data-id=\"d04121f\" data-element_type=\"widget\" data-e-type=\"widget\" data-settings=\"{&quot;_animation&quot;:&quot;none&quot;,&quot;_animation_delay&quot;:200}\" data-widget_type=\"mae-icon-box.default\">\n\t\t\t\t<div class=\"elementor-widget-container\">\n\t\t\t\t\t        <div class=\"bg-hover\"><\/div>\n        <div class=\"master-icon-box\" >       \n            \n            <div class=\"icon-wrap\"><div class=\"master-icon icon-font\"><div class=\"master-icon-svg\"><svg version=\"1.1\" xmlns=\"http:\/\/www.w3.org\/2000\/svg\" xmlns:xlink=\"http:\/\/www.w3.org\/1999\/xlink\" x=\"0px\" y=\"0px\" \t viewBox=\"0 0 64 64\" style=\"enable-background:new 0 0 64 59.6;\" xml:space=\"preserve\"> <style type=\"text\/css\"> \t.st10{fill:none;stroke-width:2;stroke-miterlimit:10;} <\/style> <path class=\"st10\" d=\"M36,9h9 M19,17h26 M19,25h26 M1,26l31,19.4L63,26 M11.4,21.6L1,26v37h62V26l-10.3-4.3 M53,32V1H11v31\"\/> <\/svg><\/div><\/div><h3 class=\"headline-2\">Contact Us<\/h3><\/div>            \n            <div class=\"text-wrap\">\n                <h3 class=\"headline-2\">Contact Us<\/h3><div class=\"desc\">atendimento@hildseguros.com.br<br>\n<br><br><\/div>            <div class=\"url-wrap\">\n                <a class=\"master-link  icon-right\" href=\"http:\/\/hild.seg.br\/index.php\/contato\/\">\n                                        <span>Contato<\/span>\n                    <span class=\"icon fa fa-arrow-right\"><\/span>                <\/a>\n            <\/div>\n\n                        <\/div>\n        <\/div>\n\n        \t\t\t\t<\/div>\n\t\t\t\t<\/div>\n\t\t\t\t\t<\/div>\n\t\t<\/div>\n\t\t\t\t\t<\/div>\n\t\t<\/section>\n\t\t\t\t\t<\/div>\n\t\t<\/div>\n\t\t\t\t\t<\/div>\n\t\t<\/section>\n\t\t\t\t<\/div>\n\t\t","protected":false},"excerpt":{"rendered":"<p>SUPER COTADOR AUTO R\u00e1pido, f\u00e1cil e conectado com as principais Seguradoras. A melhor oferta com as melhores coberturas. Est\u00e1 sem tempo ou prefere ser atendido? Fale com a corretora ou visite-nos. Escrit\u00f3rio Escrit\u00f3rio Rua Ibiraci, 871 Franca-SP Acesse o mapa. Fale consoco Fale consoco (16) 37224117 WhatsApp Contact Us Contact Us atendimento@hildseguros.com.br Contato<\/p>\n","protected":false},"author":1,"featured_media":0,"parent":0,"menu_order":0,"comment_status":"closed","ping_status":"closed","template":"","meta":{"footnotes":""},"class_list":["post-18100","page","type-page","status-publish","hentry"],"_links":{"self":[{"href":"https:\/\/hild.seg.br\/index.php\/wp-json\/wp\/v2\/pages\/18100","targetHints":{"allow":["GET"]}}],"collection":[{"href":"https:\/\/hild.seg.br\/index.php\/wp-json\/wp\/v2\/pages"}],"about":[{"href":"https:\/\/hild.seg.br\/index.php\/wp-json\/wp\/v2\/types\/page"}],"author":[{"embeddable":true,"href":"https:\/\/hild.seg.br\/index.php\/wp-json\/wp\/v2\/users\/1"}],"replies":[{"embeddable":true,"href":"https:\/\/hild.seg.br\/index.php\/wp-json\/wp\/v2\/comments?post=18100"}],"version-history":[{"count":40,"href":"https:\/\/hild.seg.br\/index.php\/wp-json\/wp\/v2\/pages\/18100\/revisions"}],"predecessor-version":[{"id":18159,"href":"https:\/\/hild.seg.br\/index.php\/wp-json\/wp\/v2\/pages\/18100\/revisions\/18159"}],"wp:attachment":[{"href":"https:\/\/hild.seg.br\/index.php\/wp-json\/wp\/v2\/media?parent=18100"}],"curies":[{"name":"wp","href":"https:\/\/api.w.org\/{rel}","templated":true}]}}